{"id":1667,"date":"2021-04-29T22:29:39","date_gmt":"2021-04-29T20:29:39","guid":{"rendered":"https:\/\/europedirectmaramures.cdimm.org\/?page_id=1667"},"modified":"2021-10-11T12:36:48","modified_gmt":"2021-10-11T10:36:48","slug":"reprezentanta-ce","status":"publish","type":"page","link":"https:\/\/europedirectmaramures.cdimm.org\/?page_id=1667","title":{"rendered":"Reprezentan\u021ba CE"},"content":{"rendered":"\t\t<div data-elementor-type=\"wp-page\" data-elementor-id=\"1667\" class=\"elementor elementor-1667\" data-elementor-post-type=\"page\">\n\t\t\t\t\t\t<section class=\"elementor-section elementor-top-section elementor-element elementor-element-bd3ad8c elementor-section-boxed elementor-section-height-default elementor-section-height-default\" data-id=\"bd3ad8c\" data-element_type=\"section\" data-e-type=\"section\">\n\t\t\t\t\t\t<div class=\"elementor-container elementor-column-gap-default\">\n\t\t\t\t\t<div class=\"elementor-column elementor-col-100 elementor-top-column elementor-element elementor-element-400e282\" data-id=\"400e282\" data-element_type=\"column\" data-e-type=\"column\">\n\t\t\t<div class=\"elementor-widget-wrap elementor-element-populated\">\n\t\t\t\t\t\t<div class=\"elementor-element elementor-element-2f97a03 elementor-widget elementor-widget-heading\" data-id=\"2f97a03\" data-element_type=\"widget\" data-e-type=\"widget\" data-widget_type=\"heading.default\">\n\t\t\t\t<div class=\"elementor-widget-container\">\n\t\t\t\t\t<h2 class=\"elementor-heading-title elementor-size-default\">Reprezentan\u0163a CE \u00een Rom\u00e2nia<\/h2>\t\t\t\t<\/div>\n\t\t\t\t<\/div>\n\t\t\t\t<section class=\"elementor-section elementor-inner-section elementor-element elementor-element-f2722a1 elementor-section-boxed elementor-section-height-default elementor-section-height-default\" data-id=\"f2722a1\" data-element_type=\"section\" data-e-type=\"section\">\n\t\t\t\t\t\t<div class=\"elementor-container elementor-column-gap-default\">\n\t\t\t\t\t<div class=\"elementor-column elementor-col-50 elementor-inner-column elementor-element elementor-element-6b775bb\" data-id=\"6b775bb\" data-element_type=\"column\" data-e-type=\"column\">\n\t\t\t<div class=\"elementor-widget-wrap elementor-element-populated\">\n\t\t\t\t\t\t<div class=\"elementor-element elementor-element-0b1546f elementor-widget elementor-widget-text-editor\" data-id=\"0b1546f\" data-element_type=\"widget\" data-e-type=\"widget\" data-widget_type=\"text-editor.default\">\n\t\t\t\t<div class=\"elementor-widget-container\">\n\t\t\t\t\t\t\t\t\t<p>Odat\u0103 cu aderarea \u0163\u0103rii noastre la Uniunea European\u0103, Reprezentan\u0163a Comisiei Europene \u00een Rom\u00e2nia este institu\u0163ia care asigur\u0103 comunicarea dintre UE \u015fi cet\u0103\u0163enii rom\u00e2ni.<\/p><p>Reprezentan\u0163a Comisiei Europene \u00een Rom\u00e2nia func\u0163ioneaz\u0103 sub directa coordonare a Direc\u0163iei Generale pentru Comunicare \u015fi asigur\u0103 un flux eficient de informa\u0163ii \u00eentre aceasta \u015fi cet\u0103\u0163enii \u015fi autorit\u0103\u0163ile Rom\u00e2niei.<\/p><p>Misiunea Reprezentan\u0163ei CE \u00een Rom\u00e2nia este de a contribui la o c\u00e2t mai bun\u0103 \u00een\u0163elegere a Uniunii Europene, a scopurilor, valorilor \u015fi politicilor acesteia, aduc\u00e2nd informa\u0163ia european\u0103 c\u00e2t mai aproape de cet\u0103\u0163eni, \u00eentr-o form\u0103 adaptat\u0103 nevoilor lor specifice.<\/p><p>Site-ul Reprezentantei Comisiei Europene \u00een Rom\u00e2nia:<br \/><strong><a href=\"https:\/\/ec.europa.eu\/romania\/home_ro\">https:\/\/ec.europa.eu\/romania\/home_ro<\/a><\/strong><\/p>\t\t\t\t\t\t\t\t<\/div>\n\t\t\t\t<\/div>\n\t\t\t\t\t<\/div>\n\t\t<\/div>\n\t\t\t\t<div class=\"elementor-column elementor-col-50 elementor-inner-column elementor-element elementor-element-5ebb7f8\" data-id=\"5ebb7f8\" data-element_type=\"column\" data-e-type=\"column\">\n\t\t\t<div class=\"elementor-widget-wrap elementor-element-populated\">\n\t\t\t\t\t\t<div class=\"elementor-element elementor-element-ea1671c elementor-widget elementor-widget-image\" data-id=\"ea1671c\" data-element_type=\"widget\" data-e-type=\"widget\" data-widget_type=\"image.default\">\n\t\t\t\t<div class=\"elementor-widget-container\">\n\t\t\t\t\t\t\t\t\t\t\t\t\t\t\t<img fetchpriority=\"high\" decoding=\"async\" width=\"800\" height=\"420\" src=\"https:\/\/europedirectmaramures.cdimm.org\/europedirectmm\/wp-content\/uploads\/2021\/04\/ue-4.png\" class=\"attachment-large size-large wp-image-1822\" alt=\"\" srcset=\"https:\/\/europedirectmaramures.cdimm.org\/europedirectmm\/wp-content\/uploads\/2021\/04\/ue-4.png 980w, https:\/\/europedirectmaramures.cdimm.org\/europedirectmm\/wp-content\/uploads\/2021\/04\/ue-4-300x158.png 300w, https:\/\/europedirectmaramures.cdimm.org\/europedirectmm\/wp-content\/uploads\/2021\/04\/ue-4-768x404.png 768w\" sizes=\"(max-width: 800px) 100vw, 800px\" \/>\t\t\t\t\t\t\t\t\t\t\t\t\t\t\t<\/div>\n\t\t\t\t<\/div>\n\t\t\t\t\t<\/div>\n\t\t<\/div>\n\t\t\t\t\t<\/div>\n\t\t<\/section>\n\t\t\t\t\t<\/div>\n\t\t<\/div>\n\t\t\t\t\t<\/div>\n\t\t<\/section>\n\t\t\t\t<\/div>\n\t\t","protected":false},"excerpt":{"rendered":"<p>Reprezentan\u0163a CE \u00een Rom\u00e2nia Odat\u0103 cu aderarea \u0163\u0103rii noastre la Uniunea European\u0103, Reprezentan\u0163a Comisiei Europene \u00een Rom\u00e2nia este institu\u0163ia care asigur\u0103 comunicarea dintre UE \u015fi cet\u0103\u0163enii rom\u00e2ni. Reprezentan\u0163a Comisiei Europene \u00een Rom\u00e2nia func\u0163ioneaz\u0103 sub directa coordonare a Direc\u0163iei Generale pentru Comunicare \u015fi asigur\u0103 un flux eficient de informa\u0163ii \u00eentre aceasta \u015fi cet\u0103\u0163enii \u015fi autorit\u0103\u0163ile Rom\u00e2niei. [&hellip;]<\/p>\n","protected":false},"author":1,"featured_media":0,"parent":132,"menu_order":5,"comment_status":"open","ping_status":"closed","template":"elementor_header_footer","meta":{"footnotes":""},"class_list":["post-1667","page","type-page","status-publish","hentry"],"_links":{"self":[{"href":"https:\/\/europedirectmaramures.cdimm.org\/index.php?rest_route=\/wp\/v2\/pages\/1667","targetHints":{"allow":["GET"]}}],"collection":[{"href":"https:\/\/europedirectmaramures.cdimm.org\/index.php?rest_route=\/wp\/v2\/pages"}],"about":[{"href":"https:\/\/europedirectmaramures.cdimm.org\/index.php?rest_route=\/wp\/v2\/types\/page"}],"author":[{"embeddable":true,"href":"https:\/\/europedirectmaramures.cdimm.org\/index.php?rest_route=\/wp\/v2\/users\/1"}],"replies":[{"embeddable":true,"href":"https:\/\/europedirectmaramures.cdimm.org\/index.php?rest_route=%2Fwp%2Fv2%2Fcomments&post=1667"}],"version-history":[{"count":20,"href":"https:\/\/europedirectmaramures.cdimm.org\/index.php?rest_route=\/wp\/v2\/pages\/1667\/revisions"}],"predecessor-version":[{"id":3822,"href":"https:\/\/europedirectmaramures.cdimm.org\/index.php?rest_route=\/wp\/v2\/pages\/1667\/revisions\/3822"}],"up":[{"embeddable":true,"href":"https:\/\/europedirectmaramures.cdimm.org\/index.php?rest_route=\/wp\/v2\/pages\/132"}],"wp:attachment":[{"href":"https:\/\/europedirectmaramures.cdimm.org\/index.php?rest_route=%2Fwp%2Fv2%2Fmedia&parent=1667"}],"curies":[{"name":"wp","href":"https:\/\/api.w.org\/{rel}","templated":true}]}}