{"id":1663,"date":"2021-04-29T22:27:27","date_gmt":"2021-04-29T20:27:27","guid":{"rendered":"https:\/\/europedirectmaramures.cdimm.org\/?page_id=1663"},"modified":"2021-10-11T12:36:23","modified_gmt":"2021-10-11T10:36:23","slug":"ue-si-romania","status":"publish","type":"page","link":"https:\/\/europedirectmaramures.cdimm.org\/?page_id=1663","title":{"rendered":"UE \u0219i Rom\u00e2nia"},"content":{"rendered":"\t\t<div data-elementor-type=\"wp-page\" data-elementor-id=\"1663\" class=\"elementor elementor-1663\" data-elementor-post-type=\"page\">\n\t\t\t\t\t\t<section class=\"elementor-section elementor-top-section elementor-element elementor-element-cce9797 elementor-section-boxed elementor-section-height-default elementor-section-height-default\" data-id=\"cce9797\" data-element_type=\"section\" data-e-type=\"section\">\n\t\t\t\t\t\t<div class=\"elementor-container elementor-column-gap-default\">\n\t\t\t\t\t<div class=\"elementor-column elementor-col-100 elementor-top-column elementor-element elementor-element-06a56a8\" data-id=\"06a56a8\" data-element_type=\"column\" data-e-type=\"column\">\n\t\t\t<div class=\"elementor-widget-wrap elementor-element-populated\">\n\t\t\t\t\t\t<div class=\"elementor-element elementor-element-2a59eba elementor-widget elementor-widget-heading\" data-id=\"2a59eba\" data-element_type=\"widget\" data-e-type=\"widget\" data-widget_type=\"heading.default\">\n\t\t\t\t<div class=\"elementor-widget-container\">\n\t\t\t\t\t<h2 class=\"elementor-heading-title elementor-size-default\">UE \u015fi Rom\u00e2nia<\/h2>\t\t\t\t<\/div>\n\t\t\t\t<\/div>\n\t\t\t\t<section class=\"elementor-section elementor-inner-section elementor-element elementor-element-69d4134 elementor-section-boxed elementor-section-height-default elementor-section-height-default\" data-id=\"69d4134\" data-element_type=\"section\" data-e-type=\"section\">\n\t\t\t\t\t\t<div class=\"elementor-container elementor-column-gap-default\">\n\t\t\t\t\t<div class=\"elementor-column elementor-col-50 elementor-inner-column elementor-element elementor-element-5a9d9c6\" data-id=\"5a9d9c6\" data-element_type=\"column\" data-e-type=\"column\">\n\t\t\t<div class=\"elementor-widget-wrap elementor-element-populated\">\n\t\t\t\t\t\t<div class=\"elementor-element elementor-element-6f1d9d7 elementor-widget elementor-widget-text-editor\" data-id=\"6f1d9d7\" data-element_type=\"widget\" data-e-type=\"widget\" data-widget_type=\"text-editor.default\">\n\t\t\t\t<div class=\"elementor-widget-container\">\n\t\t\t\t\t\t\t\t\t<p>La 1 ianuarie 2007, Rom\u00e2nia a devenit Stat Membru al Uniunii Europene. Calitatea de stat membru implic\u0103 at\u00e2t drepturi, c\u00e2t \u015fi obliga\u0163ii. Toate acestea deriv\u0103 din tratatele \u015fi legisla\u0163ia adoptate de Uniunea European\u0103 de la \u00eenfiin\u0163are p\u00e2n\u0103 \u00een prezent, asemenea oric\u0103rui alt stat membru al Uniunii Europene.<\/p><p>Uniunea European\u0103 este rezultatul unui proces de cooperare \u015fi integrare care a \u00eenceput \u00een 1951 \u00eentre \u015fase state europene: Belgia, Germania, Fran\u0163a, Italia, Luxemburg \u015fi Olanda. Dup\u0103 \u015fase valuri de ader\u0103ri (1973: Danemarca, Irlanda \u015fi Marea Britanie; 1981: Grecia; 1986: Spania \u015fi Portugalia; 1995: Austria, Finlanda \u015fi Suedia; 2004: Cipru, Estonia, Letonia, Lituania, Malta, Polonia, Cehia, Slovacia, Slovenia \u015fi Ungaria; 2007: Rom\u00e2nia \u015fi Bulgaria), UE are acum 27 State Membre.<\/p><p>Rom\u00e2nia a fost una din primele \u0163\u0103ri din Europa Central\u0103 \u015fi de Est care a ini\u0163iat demersuri pe l\u00e2ng\u0103 CEE \u015fi Comisia CE pentru dezvoltarea de rela\u0163ii comerciale. Din ianuarie 1974 Rom\u00e2nia a beneficiat de Sistemul Generalizat de Preferin\u0163e (SGP), dup\u0103 care a semnat o serie de acorduri cu Comunitatea pentru facilitarea schimburilor comerciale.<\/p><p>La 1 februarie 1993 a fost semnat Acordul European de Asociere \u00eentre Uniunea European\u0103 \u015fi Statele Membre, pe de o parte, \u015fi Rom\u00e2nia, pe de alt\u0103 parte, acord care a intrat \u00een vigoare \u00een februarie 1995. \u00cen data de 22 iunie 1995 a fost \u00eenaintat\u0103 cererea oficiala de aderare a Rom\u00e2niei la Uniunea European\u0103.<\/p><p>Conform Acordului European, p\u0103r\u0163ile \u00ee\u015fi asum\u0103 o serie de obliga\u0163ii \u015fi recunosc c\u0103 o condi\u0163ie important\u0103 a ader\u0103rii la Comunitate o reprezint\u0103 armonizarea legislativ\u0103. Rom\u00e2nia, ca \u015fi celelalte state candidate la aderare, a depus eforturi pentru asigurarea compatibilita\u0163ii legisla\u0163iei na\u0163ionale cu acquis-ul comunitar, prin \u00eencheierea celor 31 de capitole de negociere. Fiecare capitol de negociere (cu exceptia capitolului 31) a acoperit un sector sau mai multe sectoare de activitate, c\u0103rora le-a corespuns o parte din acquis-ul ce a trebuit adoptat \u015fi implementat de c\u0103tre Rom\u00e2nia, pentru a deveni membru al Uniunii Europene.<\/p>\t\t\t\t\t\t\t\t<\/div>\n\t\t\t\t<\/div>\n\t\t\t\t<div class=\"elementor-element elementor-element-d28c96a elementor-widget elementor-widget-text-editor\" data-id=\"d28c96a\" data-element_type=\"widget\" data-e-type=\"widget\" data-widget_type=\"text-editor.default\">\n\t\t\t\t<div class=\"elementor-widget-container\">\n\t\t\t\t\t\t\t\t\t<h5>Criterii de aderare<\/h5><p>Consiliul de la Copenhaga din anul 1993 a stabilit criteriile pe care fiecare \u0163ar\u0103 candidat\u0103 trebuie s\u0103 le \u00eendeplineasc\u0103 pentru a putea deveni membr\u0103 UE:<\/p><ul><li>Institu\u0163ii stabile garant\u00e2nd democra\u0163ia, statul de drept, drepturile omului, respectul \u015fi protectia minoritatilor;<\/li><li>Economie de pia\u0163\u0103 viabil\u0103, capabil\u0103 s\u0103 fac\u0103 fa\u0163\u0103 for\u0163elor concuren\u0163iale \u015fi presiunii din Pia\u0163a Intern\u0103;<\/li><li>Capacitatea de a-\u015fi asuma obliga\u0163iile de membru, \u00een special de a subscrie obiectivelor uniunii politice, economice \u015fi monetare.<\/li><\/ul>\t\t\t\t\t\t\t\t<\/div>\n\t\t\t\t<\/div>\n\t\t\t\t<div class=\"elementor-element elementor-element-59a6321 elementor-widget elementor-widget-text-editor\" data-id=\"59a6321\" data-element_type=\"widget\" data-e-type=\"widget\" data-widget_type=\"text-editor.default\">\n\t\t\t\t<div class=\"elementor-widget-container\">\n\t\t\t\t\t\t\t\t\t<h5>Scurt istoric al rela\u0163ilor dintre Rom\u00e2nia \u015fi Uniunea European\u0103<\/h5><p><strong>1993<\/strong><br \/>\u2013 1 februarie \u2013 Rom\u00e2nia semneaz\u0103 Acordul European (Acordul european instituie o asociere \u00eentre Rom\u00e2nia, pe de o parte, \u015fi Comunit\u0103\u0163ile Europene \u015fi Statele Membre ale acestora, pe de alta parte);<br \/>\u2013 Mai \u2013 se \u00eencepe aplicarea prevederilor comerciale din Acordul European, prin intermediul unui Acord Interimar;<\/p><p><strong>1995<\/strong><br \/>\u2013 1 febuarie \u2013 intr\u0103 \u00een vigoare Acordul European;<br \/>\u2013 Iunie \u2013 Rom\u00e2nia depune cererea de aderare la Uniunea European\u0103;<\/p><p><strong>1997<\/strong><br \/>\u2013 Iulie \u2013 Comisia European\u0103 adopt\u0103 Agenda 2000, care include Opinia asupra cererii de aderare a Rom\u00e2niei la Uniunea European\u0103;<\/p><p><strong>1998<\/strong><br \/>\u2013 Martie \u2013 Uniunea European\u0103 lanseaz\u0103, \u00een mod oficial, procesul de extindere; \u2013 Noiembrie \u2013 Comisia European\u0103 public\u0103 primele Raporturi de \u0162ar\u0103 privind procesul de aderare al Rom\u00e2niei (\u015fi al tuturor celorlalte \u0163\u0103ri candidate) la Uniunea European\u0103;<\/p><p><strong>1999<\/strong><br \/>\u2013 Iunie \u2013 Rom\u00e2nia adopt\u0103 Planul Na\u0163ional de Aderare la Uniunea European\u0103;<br \/>\u2013 Noiembrie \u2013 Comisia European\u0103 public\u0103 cel de-al doilea Raport de \u0162ar\u0103 privind progresele Rom\u00e2niei \u00een procesul de aderare la Uniunea European\u0103;<br \/>\u2013 Decembrie \u2013 la Helsinki, Consiliul European decide \u00eenceperea negocierilor cu \u015fase \u0163\u0103ri candidate, printre care \u015fi Rom\u00e2nia;<\/p><p><strong>2000<\/strong><br \/>\u2013 Februarie \u2013 \u00een cadrul reuniunii Consiliului UE pentru Afaceri Generale, dedicat\u0103 lans\u0103rii Conferin\u0163ei Interguvernamentale, are loc deschiderea oficial\u0103 a negocierilor de aderare a Rom\u00e2niei;<br \/>\u2013 Martie \u2013 Rom\u00e2nia adopt\u0103 Strategia Economic\u0103 pe Termen Mediu (SETM) \u015fi o prezint\u0103 \u00een cadrul reuniunii Consiliului de Asociere Rom\u00e2nia \u2013 Uniunea European\u0103;<br \/>\u2013 \u00cen primul semestru al anului (\u00een timpul Pre\u015fedin\u0163iei Portugheze a UE) se deschid spre negociere 5 capitole: \u00centreprinderi mici \u015fi mijlocii (Cap 16), \u015etiin\u0163\u0103 \u015fi cercetare (Cap 17), Educa\u0163ie \u015fi formare profesional\u0103 (Cap 18), Rela\u0163ii externe (Cap 26) \u015fi Politica extern\u0103 \u015fi de securitate comun\u0103 (Cap 27), care sunt \u015fi \u00eenchise provizoriu;<br \/>\u2013 Mai \u2013 Guvernul Rom\u00e2niei adopt\u0103 Programul Na\u0163ional de Aderare la Uniunea European\u0103 (actualizat), precum \u015fi Planul de Ac\u0163iune \u015fi Cadrul Macroeconomic, complementare SETM;<br \/>\u2013 24 octombrie \u2013 \u00een timpul Pre\u015fedin\u0163iei Franceze a UE \u2013 au fost deschise 2 capitole de negociere Statistic\u0103 (Cap 12) \u015fi Cultur\u0103 \u015fi audiovizual (Cap 20);<br \/>\u2013 8 noiembrie \u2013 se public\u0103 al treilea Raport de \u0162ar\u0103 asupra progreselor \u00eenregistrate de Rom\u00e2nia \u00een preg\u0103tirea pentru aderare;<br \/>\u2013 14 noiembrie \u2013 sunt deschise \u00eenc\u0103 2 noi capitole de negociere: Telecomunica\u0163ii \u015fi tehnologia informa\u0163iei (cap. 19) \u015fi Politica \u00een domeniul concuren\u0163ei (cap. 6). P\u00e2n\u0103 la sf\u00e2r\u015fitul anului este \u00eenchis un singur capitol \u2013 Statistica;<br \/>\u2013 Decembrie \u2013 Consiliul European de la Nisa adopt\u0103 pozi\u0163ia comun\u0103 a Uniunii Europene privind reformele institu\u0163ionale necesare extinderii. Consiliul evidentiaz\u0103 c\u0103, odat\u0103 cu intrarea \u00een vigoare a Tratatului de la Nisa \u015fi cu reforma institu\u0163ional\u0103 aferent\u0103, Uniunea European\u0103 va putea primi ca noi state membre acelea dintre \u0163\u0103rile candidate care vor fi preg\u0103tite la sf\u00e2r\u015fitul anului 2002<\/p>\t\t\t\t\t\t\t\t<\/div>\n\t\t\t\t<\/div>\n\t\t\t\t\t<\/div>\n\t\t<\/div>\n\t\t\t\t<div class=\"elementor-column elementor-col-50 elementor-inner-column elementor-element elementor-element-a2d2f52\" data-id=\"a2d2f52\" data-element_type=\"column\" data-e-type=\"column\">\n\t\t\t<div class=\"elementor-widget-wrap elementor-element-populated\">\n\t\t\t\t\t\t<div class=\"elementor-element elementor-element-bb3c545 elementor-widget elementor-widget-text-editor\" data-id=\"bb3c545\" data-element_type=\"widget\" data-e-type=\"widget\" data-widget_type=\"text-editor.default\">\n\t\t\t\t<div class=\"elementor-widget-container\">\n\t\t\t\t\t\t\t\t\t<p><strong>2001<\/strong><br \/>\u2013 Ianuarie \u2013 iunie: \u00een timpul Pre\u015fedin\u0163iei suedeze a UE sunt deschise spre negociere 5 noi capitole: Dreptul societ\u0103\u0163ilor comerciale (Cap 5); Pescuitul (Cap 8); Uniunea vamal\u0103 (Cap 25); Libera circula\u0163ie a capitalului (Cap 4) \u015fi Politica \u00een domeniul transporturilor (Cap 25). Un singur capitol este inchis pe durata acestei presedintii: Pescuitul;<br \/>\u2013 13 noiembrie \u2013 al patrulea Raport de \u0162ar\u0103 este publicat;<br \/>\u2013 noiembrie \u2013 Comisie prezint\u0103 o edi\u0163ie revizuit\u0103 a Parteneriatului pentru Aderare cu Rom\u00e2nia; \u2013 14-15 decembrie \u2013 Consiliul European de la Laeken nominalizeaz\u0103, pentru prima dat\u0103, \u0163\u0103rile candidate susceptibile s\u0103 \u00eencheie negocierile de aderare p\u00e2n\u0103 la sf\u00e2r\u015fitul anului 2002. Zece dintre \u0163\u0103rile candidate sunt nominalizate, cu excep\u0163ia Rom\u00e2niei \u015fi Bulgariei;<br \/>\u2013 iunie \u2013 decembrie (\u00een timpul Pre\u015fedin\u0163iei Belgiene a UE) \u2013 alte trei capitole sunt deschise: Cap 10 \u2013 Impozitare, Cap 13 \u2013 Politici sociale \u015fi de ocupare a for\u0163ei de munc\u0103 \u015fi Cap 23 \u2013 Protec\u0163ia consumatorilor \u015fi a s\u0103n\u0103t\u0103\u0163ii. Dou\u0103 capitole sunt \u00eenchise: Cap 5 \u2013 Dreptul societ\u0103\u0163ilor comerciale \u015fi Cap 23 \u2013 Protec\u0163ia consumatorilor \u015fi a s\u0103n\u0103t\u0103\u0163ii;<br \/>\u2013 Decembrie \u2013 num\u0103rul capitolelor de negociere \u00eenchise de c\u0103tre Rom\u00e2nia ajunge la 9;<\/p><p><strong>2002<\/strong><br \/>\u2013 ianuarie \u2013 mai (\u00een timpul Pre\u015fedintiei Spaniole a UE) \u2013 sunt dechise 9 capitole: Cap 1 \u2013 Libera circula\u0163ie a m\u0103rfurilor, Cap 2 \u2013 Libera circula\u0163ie a persoanelor, Cap 11 \u2013 Uniunea Economic\u0103 \u015fi Monetar\u0103, Cap 14 \u2013 Energie, Cap 21 \u2013 Politica regional\u0103 \u015fi de coordonare a instrumentelor structurale, Cap 22 \u2013 Protec\u0163ia mediului, Cap 24 \u2013 Justi\u0163ie \u015fi afaceri interne, Cap 28 \u2013 Control financiar \u015fi Cap 30 \u2013 Institu\u0163ii. Trei capitole sunt \u00eenchise: Cap 13 \u2013 Politica social\u0103 \u015fi de ocupare a for\u0163ei de munc\u0103, Cap 11 \u2013 Uniunea Economic\u0103 \u015fi Monetar\u0103 \u015fi Cap 30 \u2013 Institu\u0163ii;<br \/>\u2013 9 octombrie \u2013 Comisia European\u0103 public\u0103 al cincilea Raport de \u0162ar\u0103;<br \/>\u2013 13 noiembrie \u2013 Comisia adopt\u0103 c\u00e2te o \u201cFoaie de parcurs\u201d pentru Rom\u00e2nia \u015fi Bulgaria;<br \/>\u2013 20 noiembrie \u2013 Parlamentul European ia \u00een considerare data de 1 ianuarie 2007 ca data \u0163int\u0103 pentru aderarea Rom\u00e2niei la Uniunea European\u0103;<br \/>\u2013 12 \u2013 13 decembrie \u2013 Consiliul European de la Copenhaga decide asupra ader\u0103rii a 10 noi state membre \u015fi adopt\u0103 foile de parcurs pentru Rom\u00e2nia \u015fi Bulgaria;<br \/>\u2013 iunie \u2013 decembrie (\u00een timpul Pre\u015fedintiei Daneze a UE) \u2013 sunt deschise ultimele 4 capitole de negociere: Cap 15 \u2013 Politica industrial\u0103, Cap 7 \u2013 Agricultur\u0103, Cap 3 \u2013 Libera circula\u0163ie a serviciilor \u015fi Cap 29 \u2013 Prevederi financiar-bugetare. Tot \u00een cursul acestei pre\u015fedin\u0163ii sunt \u00eenchise 4 capitole: Cap 15 \u2013 Politica industrial\u0103, Cap 19 \u2013 Telecomunica\u0163ii \u015fi tehnologia informa\u0163iei, Cap 20 \u2013 Cultur\u0103 \u015fi audiovizual \u015fi Cap 25 \u2013 Uniunea vamal\u0103;<\/p><p><strong>2003<\/strong><br \/>\u2013 26 martie \u2013 Comisia European\u0103a prezint\u0103 edi\u0163ia revizuit\u0103 a Parteneriatului de Aderare cu Rom\u00e2nia;<br \/>\u2013 ianuarie \u2013 mai (\u00een timpul Pre\u015fedin\u0163iei Elene a UE) \u2013 sunt \u00eenchise trei capitole: Cap 1 \u2013 Libera circula\u0163ie a m\u0103rfurilor, Cap 4 \u2013 Libera circula\u0163ie a capitalurilor \u015fi Cap 10 \u2013 Impozitarea;<br \/>\u2013 5 noiembrie \u2013 este dat publicit\u0103\u0163ii Raportul de \u0162ar\u0103 privind progresele Rom\u00e2niei \u00een procesul de aderare;<br \/>\u2013 iunie \u2013 decembrie (\u00een timpul Pre\u015fedintiei Italiene a UE) \u2013 sunt \u00eenchise \u00eenc\u0103 trei capitole: Cap 2 \u2013 Libera circula\u0163ie a persoanelor, Cap 9 \u2013 Politica \u00een domeniul transporturilor \u015fi Cap 28 \u2013 Control financiar;<br \/>\u2013 decembrie \u2013 din cele 30 de capitole, 22 sunt \u00eenchise provizoriu.<\/p><p><strong>2004<\/strong><br \/>\u2013 ianuarie-iunie \u2013 (\u00een timpul Pre\u015fedin\u0163iei Irlandeze a UE) alte trei capitole de negociere au fost \u00eenchise: Cap 7 \u2013 Agricultura, Cap 14 \u2013 Energie \u015fi Cap 29 \u2013 Prevederi financiare \u015fi bugetare.<br \/>\u2013 30 iunie \u2013 la finalul Pre\u015fedin\u0163iei Irlandeze a UE, 25 din 30 de capitole de negociere au fost \u00eenchise.<br \/>\u2013 17 decembrie \u2013 la Consiliul European de la Bruxelles, Rom\u00e2nia a primit confirmarea politic\u0103 a \u00eencheierii negocierilor de aderare la Uniunea European\u0103. Rom\u00e2niei i se recomand\u0103 s\u0103 continue reformele \u015fi s\u0103 implementeze angajamentele referitoare la acquis-ul comunitar, \u00een special \u00een domeniile: Justi\u0163ie \u015fi afaceri interne, Concuren\u0163a \u015fi Mediu. Uniunea European\u0103 va continua monitorizarea preg\u0103tirilor de aderare \u015fi consider\u0103 c\u0103 Rom\u00e2nia va fi capabil\u0103 s\u0103-\u015fi asume obliga\u0163iile de membru de la 1 ianuarie 2007. De asemenea, Consiliul European recomand\u0103 semnarea Tratatului de aderare comun pentru Rom\u00e2nia \u015fi Bulgaria \u00een aprilie 2005, dup\u0103 primirea avizului Parlamentului European, \u015fi aderarea efectiv\u0103 la 1 ianuarie 2007.<\/p><p><strong>2005<\/strong><br \/>\u2013 13 aprilie, Parlamentul European d\u0103 und\u0103 verde ader\u0103rii Rom\u00e2niei \u015fi Bulgariei la Uniunea European\u0103<br \/>\u2013 25 aprilie, \u00een cadrul unei ceremonii oficiale, desf\u0103\u015furate la Abatia de Neumunster din Luxemburg, Pre\u015fedintele Rom\u00e2niei, Traian Basescu, semneaz\u00e2 Tratatul de Aderare la Uniunea European\u0103<br \/>http:\/\/eur-lex.europa.eu\/JOHtml.do?uri=OJ:L:2005:157:SOM:RO:HTML<\/p><p><strong>2007<\/strong><br \/>\u2013 Rom\u00e2nia devine Stat Membru al Uniunii Europene<br \/>Tratatul de aderare prevede ca, dac\u0103 exista deficien\u0163e grave \u00een transpunerea \u015fi punerea \u00een aplicare a acquis-ului \u00een domeniile economic, pia\u0163a intern\u0103 \u015fi, respectiv, justitie \u015fi afaceri interne, pot fi adoptate m\u0103suri de salvgardare \u00eentr-un termen de p\u00e2n\u0103 la trei ani de la data ader\u0103rii.<\/p><p>Aderarea Rom\u00e2niei a fost \u00eenso\u0163it\u0103 \u015fi de o serie de m\u0103suri de acompaniere specifice, instituite pentru a preveni sau pentru a remedia deficientele \u00een domeniile siguran\u0163ei alimentelor, fondurilor agricole, reformei sistemului judiciar \u015fi luptei \u00eempotriva corup\u0163iei.<br \/>Pentru ultimele dou\u0103 componente a fost stabilit un mecanism de cooperare \u015fi verificare cu scopul de a \u00eembun\u0103t\u0103\u0163i func\u0163ionarea sistemului legislativ, administrativ \u015fi judiciar \u015fi de a remedia deficientele grave \u00een lupta \u00eempotriva corup\u0163iei.<\/p><p><em><strong>Sursa: Reprezentan\u0163a Comisiei Europene \u00een Rom\u00e2nia<\/strong><\/em><\/p>\t\t\t\t\t\t\t\t<\/div>\n\t\t\t\t<\/div>\n\t\t\t\t\t<\/div>\n\t\t<\/div>\n\t\t\t\t\t<\/div>\n\t\t<\/section>\n\t\t\t\t\t<\/div>\n\t\t<\/div>\n\t\t\t\t\t<\/div>\n\t\t<\/section>\n\t\t\t\t<\/div>\n\t\t","protected":false},"excerpt":{"rendered":"<p>UE \u015fi Rom\u00e2nia La 1 ianuarie 2007, Rom\u00e2nia a devenit Stat Membru al Uniunii Europene. Calitatea de stat membru implic\u0103 at\u00e2t drepturi, c\u00e2t \u015fi obliga\u0163ii. Toate acestea deriv\u0103 din tratatele \u015fi legisla\u0163ia adoptate de Uniunea European\u0103 de la \u00eenfiin\u0163are p\u00e2n\u0103 \u00een prezent, asemenea oric\u0103rui alt stat membru al Uniunii Europene. Uniunea European\u0103 este rezultatul unui [&hellip;]<\/p>\n","protected":false},"author":1,"featured_media":0,"parent":132,"menu_order":4,"comment_status":"open","ping_status":"closed","template":"elementor_header_footer","meta":{"footnotes":""},"class_list":["post-1663","page","type-page","status-publish","hentry"],"_links":{"self":[{"href":"https:\/\/europedirectmaramures.cdimm.org\/index.php?rest_route=\/wp\/v2\/pages\/1663","targetHints":{"allow":["GET"]}}],"collection":[{"href":"https:\/\/europedirectmaramures.cdimm.org\/index.php?rest_route=\/wp\/v2\/pages"}],"about":[{"href":"https:\/\/europedirectmaramures.cdimm.org\/index.php?rest_route=\/wp\/v2\/types\/page"}],"author":[{"embeddable":true,"href":"https:\/\/europedirectmaramures.cdimm.org\/index.php?rest_route=\/wp\/v2\/users\/1"}],"replies":[{"embeddable":true,"href":"https:\/\/europedirectmaramures.cdimm.org\/index.php?rest_route=%2Fwp%2Fv2%2Fcomments&post=1663"}],"version-history":[{"count":26,"href":"https:\/\/europedirectmaramures.cdimm.org\/index.php?rest_route=\/wp\/v2\/pages\/1663\/revisions"}],"predecessor-version":[{"id":3821,"href":"https:\/\/europedirectmaramures.cdimm.org\/index.php?rest_route=\/wp\/v2\/pages\/1663\/revisions\/3821"}],"up":[{"embeddable":true,"href":"https:\/\/europedirectmaramures.cdimm.org\/index.php?rest_route=\/wp\/v2\/pages\/132"}],"wp:attachment":[{"href":"https:\/\/europedirectmaramures.cdimm.org\/index.php?rest_route=%2Fwp%2Fv2%2Fmedia&parent=1663"}],"curies":[{"name":"wp","href":"https:\/\/api.w.org\/{rel}","templated":true}]}}