{"id":1657,"date":"2021-04-29T22:24:58","date_gmt":"2021-04-29T20:24:58","guid":{"rendered":"https:\/\/europedirectmaramures.cdimm.org\/?page_id=1657"},"modified":"2021-10-11T12:34:44","modified_gmt":"2021-10-11T10:34:44","slug":"institutii-ue","status":"publish","type":"page","link":"https:\/\/europedirectmaramures.cdimm.org\/?page_id=1657","title":{"rendered":"Institu\u021bii UE"},"content":{"rendered":"\t\t<div data-elementor-type=\"wp-page\" data-elementor-id=\"1657\" class=\"elementor elementor-1657\" data-elementor-post-type=\"page\">\n\t\t\t\t\t\t<section class=\"elementor-section elementor-top-section elementor-element elementor-element-d781b92 elementor-section-boxed elementor-section-height-default elementor-section-height-default\" data-id=\"d781b92\" data-element_type=\"section\" data-e-type=\"section\">\n\t\t\t\t\t\t<div class=\"elementor-container elementor-column-gap-default\">\n\t\t\t\t\t<div class=\"elementor-column elementor-col-100 elementor-top-column elementor-element elementor-element-a2d056a\" data-id=\"a2d056a\" data-element_type=\"column\" data-e-type=\"column\">\n\t\t\t<div class=\"elementor-widget-wrap elementor-element-populated\">\n\t\t\t\t\t\t<section class=\"elementor-section elementor-inner-section elementor-element elementor-element-07cdbee elementor-section-boxed elementor-section-height-default elementor-section-height-default\" data-id=\"07cdbee\" data-element_type=\"section\" data-e-type=\"section\">\n\t\t\t\t\t\t<div class=\"elementor-container elementor-column-gap-default\">\n\t\t\t\t\t<div class=\"elementor-column elementor-col-50 elementor-inner-column elementor-element elementor-element-f91360b\" data-id=\"f91360b\" data-element_type=\"column\" data-e-type=\"column\">\n\t\t\t<div class=\"elementor-widget-wrap elementor-element-populated\">\n\t\t\t\t\t\t<div class=\"elementor-element elementor-element-bd5306f elementor-widget elementor-widget-heading\" data-id=\"bd5306f\" data-element_type=\"widget\" data-e-type=\"widget\" data-widget_type=\"heading.default\">\n\t\t\t\t<div class=\"elementor-widget-container\">\n\t\t\t\t\t<h2 class=\"elementor-heading-title elementor-size-default\">Institu\u0163ii UE<\/h2>\t\t\t\t<\/div>\n\t\t\t\t<\/div>\n\t\t\t\t<div class=\"elementor-element elementor-element-d3c1634 elementor-widget elementor-widget-text-editor\" data-id=\"d3c1634\" data-element_type=\"widget\" data-e-type=\"widget\" data-widget_type=\"text-editor.default\">\n\t\t\t\t<div class=\"elementor-widget-container\">\n\t\t\t\t\t\t\t\t\t<p>Uniunea European\u0103 este o construc\u0163ie nou\u0103 care nu intr\u0103 \u00eentr-o categorie juridic\u0103 tradi\u0163ional\u0103. Se fondeaz\u0103 pe un sistem politic original, \u00een continu\u0103 evolu\u0163ie de peste cincizeci de ani. Legisla\u0163ia, precum \u015fi politicile Uniunii \u00een general, sunt rezultatul deciziilor luate de triunghiul institu\u0163ional format din Consiliu (care reprezint\u0103 guvernele na\u0163ionale), Parlamentul European (care reprezint\u0103 cet\u0103\u0163enii) \u015fi Comisia European\u0103 (institu\u0163ie independent\u0103 de guvernele statelor membre, garanta a interesului colectiv al europenilor).<br \/><a href=\"http:\/\/europa.eu\/\" target=\"_blank\" rel=\"noopener\">http:\/\/europa.eu<\/a><\/p>\t\t\t\t\t\t\t\t<\/div>\n\t\t\t\t<\/div>\n\t\t\t\t<div class=\"elementor-element elementor-element-5a893b0 elementor-widget elementor-widget-text-editor\" data-id=\"5a893b0\" data-element_type=\"widget\" data-e-type=\"widget\" data-widget_type=\"text-editor.default\">\n\t\t\t\t<div class=\"elementor-widget-container\">\n\t\t\t\t\t\t\t\t\t<h5>1. Consiliul Uniunii Europene \u015fi Consiliul European<\/h5><p>Consiliul Uniunii Europene (sau Consiliul de Mini\u015ftri) este principala institu\u0163ie de decizie al Uniunii. Pre\u015fedin\u0163ia Consiliului este de\u0163inut\u0103 prin rota\u0163ie de c\u00e2te un stat membru, pe o perioad\u0103 de \u015fase luni. Consiliul reune\u015fte c\u00e2te un ministru din fiecare stat membru, \u00een func\u0163ie de domeniul \u00eenscris pe ordinea de zi: afaceri externe, agricultur\u0103, industrie, transport, mediu etc.<\/p><p>Consiliul are putere legislativ\u0103, pe care o \u00eemparte cu Parlamentul European prin \u201cprocedura de codecizie\u201d. \u00cen plus, Consiliul \u015fi Parlamentul sunt responsabili \u00een egal\u0103 m\u0103sur\u0103 de adoptarea bugetului Uniunii. Consiliul \u00eencheie, de asemenea, acordurile interna\u0163ionale negociate \u00een prealabil de c\u0103tre Comisie.<\/p><p>\u00cen conformitate cu tratatele, deciziile Consiliului sunt adoptate cu majoritate simpl\u0103, majoritate calificat\u0103 sau \u00een unanimitate, \u00een func\u0163ie de domeniul abordat. \u00cen domenii esentiale, ca modificarea tratatelor, lansarea unei noi politici comune sau aderarea unui nou stat, Consiliul trebuie sa decida \u00een unanimitate. Consiliul European se reune\u015fte, \u00een principiu, de patru ori pe an \u015fi este prezidat de \u015feful statului sau guvernului care de\u0163ine pre\u015fedin\u0163ia Consiliului Uniunii Europene la momentul respectiv. Pre\u015fedintele Comisiei Europene particip\u0103 ca membru de drept. Prin Tratatul de la Maastricht, Consiliul European a devenit oficial ini\u0163iatorul principalelor politici ale Uniunii \u015fi arbitru \u00een problemele dificile care nu au fost solu\u0163ionate \u00een cadrul Consiliului Uniunii Europene.<\/p><p>Consiliul European abordeaz\u0103, de asemenea, probleme de actualitate interna\u0163ional\u0103 prin intermediul politicii externe \u015fi de securitate comune (PESC), expresie a unei diploma\u0163ii comune a statelor membre.<br \/><a href=\"http:\/\/www.consilium.europa.eu\/\" target=\"_blank\" rel=\"noopener\">http:\/\/www.consilium.europa.eu\/<\/a><\/p>\t\t\t\t\t\t\t\t<\/div>\n\t\t\t\t<\/div>\n\t\t\t\t<div class=\"elementor-element elementor-element-89222ed elementor-widget elementor-widget-text-editor\" data-id=\"89222ed\" data-element_type=\"widget\" data-e-type=\"widget\" data-widget_type=\"text-editor.default\">\n\t\t\t\t<div class=\"elementor-widget-container\">\n\t\t\t\t\t\t\t\t\t<h5>2. Parlamentul European<\/h5><p>Parlamentul European este ales prin vot \u015fi reprezint\u0103 cet\u0103tenii Uniunii. El controleaz\u0103 din punct de vedere politic activit\u0103\u0163ile Uniunii \u015fi particip\u0103 la procesul legislativ. \u00cencep\u00e2nd cu 1979, membrii s\u0103i sunt ale\u015fi direct, prin vot universal, la fiecare cinci ani. \u00cen perioada 2014-2019, Parlamentul European este alc\u0103tuit din 751 parlamentari europeni, din toate \u0163\u0103rile membre. Rom\u00e2niei ii sunt alocate 32 de locuri \u00een Parlamentul European.<\/p><p>Parlamentul \u00ee\u015fi exercit\u0103 puterea legislativ\u0103 la trei niveluri:<\/p><p>Prin intermediul procedurii \u201cde cooperare\u201d, introdus\u0103 \u00een 1987 prin Actul Unic European, Parlamentul European particip\u0103 la elaborarea directivelor \u015fi a regulamentelor, pronun\u0163\u00e2ndu-se asupra propunerilor Comisiei Europene, care pot fi modificate \u00een functie de pozi\u0163ia Parlamentului.<\/p><p>Tot din 1987, procedura de \u201caviz conform\u201d supune ratificarii de c\u0103tre Parlament a acordurilor interna\u0163ionale, negociate de Comisie, precum \u015fi a oric\u0103rei noi extinderi a Uniunii.<\/p><p>Tratatul de la Maastricht, semnat \u00een 1992, a introdus procedura de \u201ccodecizie\u201d, care plaseaz\u0103 Parlamentul pe picior de egalitate cu Consiliul \u00een ceea ce prive\u015fte legiferarea \u00een domenii importante, inclusiv libera circula\u0163ie a lucr\u0103torilor, pia\u0163a intern\u0103, educa\u0163ie, cercetare, mediu, re\u0163ele transeuropene, s\u0103n\u0103tate, cultura, protec\u0163ia consumatorului etc. Tratatul prevede totu\u015fi o procedur\u0103 de conciliere.<\/p><p>De asemenea, Parlamentul European \u00eemparte cu Consiliul responsabilitatea privind adoptarea bugetului Uniunii. Parlamentul poate respinge propunerea de buget, lucru care s-a \u00eent\u00e2mplat deja de mai multe ori. \u00cen acest caz, \u00eentreaga procedur\u0103 bugetar\u0103 trebuie re\u00eenceput\u0103. Comisia European\u0103 propune proiectul de buget, care este apoi dezb\u0103tut de Consiliu \u015fi Parlament. Parlamentul \u015fi-a folosit din plin puterile bugetare pentru a influen\u0163a politicile Uniunii.<\/p><p>Parlamentul European este institu\u0163ia de control democratic al Uniunii. Acesta dispune de puterea de a demite Comisia prin adoptarea unei mo\u0163iuni de cenzur\u0103 cu o majoritate de dou\u0103 treimi. De asemenea, supravegheaz\u0103 gestionarea politicilor UE prin \u00eentreb\u0103ri orale \u015fi scrise adresate Comisiei \u015fi Consiliului. \u00cen final, pre\u015fedintele \u00een exerci\u0163iu al Consiliului European informeaz\u0103 Parlamentul cu privire la deciziile luate de Consiliu.<br \/><a href=\"http:\/\/www.europarl.europa.eu\/\" target=\"_blank\" rel=\"noopener\">http:\/\/www.europarl.europa.eu\/<\/a><\/p>\t\t\t\t\t\t\t\t<\/div>\n\t\t\t\t<\/div>\n\t\t\t\t<div class=\"elementor-element elementor-element-4d4e793 elementor-widget elementor-widget-heading\" data-id=\"4d4e793\" data-element_type=\"widget\" data-e-type=\"widget\" data-widget_type=\"heading.default\">\n\t\t\t\t<div class=\"elementor-widget-container\">\n\t\t\t\t\t<h2 class=\"elementor-heading-title elementor-size-default\">ALTE INSTITU\u0162II \u015eI ORGANISME<\/h2>\t\t\t\t<\/div>\n\t\t\t\t<\/div>\n\t\t\t\t<div class=\"elementor-element elementor-element-de300c4 elementor-widget elementor-widget-text-editor\" data-id=\"de300c4\" data-element_type=\"widget\" data-e-type=\"widget\" data-widget_type=\"text-editor.default\">\n\t\t\t\t<div class=\"elementor-widget-container\">\n\t\t\t\t\t\t\t\t\t<h5><strong>1. Curtea de Justi\u0163ie<\/strong><\/h5><p>Curtea de Justi\u0163ie a Comunit\u0103\u0163ilor Europene, cu sediul la Luxemburg, este format\u0103 din c\u00e2te un judec\u0103tor din fiecare stat membru \u015fi asistat\u0103 de opt avoca\u0163i generali. Ace\u015ftia sunt numi\u0163i de comun acord de c\u0103tre guvernele statelor membre, pe o perioad\u0103 de \u015fase ani, care poate fi re\u00eennoit\u0103. Independen\u0163a le este garantat\u0103. Rolul Cur\u0163ii de Justi\u0163ie este de a asigura respectarea legisla\u0163iei europene, precum \u015fi interpretarea corect\u0103 \u015fi aplicarea tratatelor.<\/p><h5><strong>2. Curtea de Conturi<\/strong><\/h5><p>Curtea de Conturi, cu sediul la Luxemburg, a fost \u00eenfiin\u0163at\u0103 \u00een 1975 \u015fi este compus\u0103 din c\u00e2te un membru din fiecare stat al Uniunii, numit pentru o perioad\u0103 de \u015fase ani de comun acord de c\u0103tre statele membre dup\u0103 consultarea Parlamentului European. Rolul s\u0103u este de a verifica \u00eencasarea tuturor veniturilor, precum \u015fi legalitatea \u015fi regularitatea utiliz\u0103rii fondurilor, urm\u0103rind buna gestionare a bugetului Uniunii.<\/p><h5><strong>3. Comitetul Economic \u015fi Social European<\/strong><\/h5><p>Consiliul \u015fi Comisia consult\u0103 Comitetul Economic \u015fi Social European (CESE) \u00een luarea de decizii \u00een anumite domenii politice. Acesta este alcatuit din reprezentan\u0163i ai diferitelor grupuri de interes economic \u015fi social ai societatii civile organizate, numi\u0163i de Consiliu pe o perioad\u0103 de patru ani.<\/p><h5><strong>4. Comitetul Regiunilor<\/strong><\/h5><p>Comitetul Regiunilor (CR) a fost creat prin Tratatul privind Uniunea European\u0103 \u015fi este format din reprezentan\u0163i ai colectivit\u0103\u0163ilor locale \u015fi regionale, numi\u0163i de Consiliu pe o perioad\u0103 de patru ani la propunerea statelor membre. \u00cen temeiul tratatului, CR este consultat de Consiliu \u015fi Comisie \u00een probleme relevante privind regiunile respective, dar poate emite avize \u015fi din proprie ini\u0163iativ\u0103.<\/p><h5><strong>5. Banca European\u0103 de Investi\u0163ii<\/strong><\/h5><p>Banca European\u0103 de Investi\u0163ii (BEI), cu sediul la Luxemburg, acord\u0103 credite \u015fi garan\u0163ii care sprijin\u0103 regiunile mai pu\u0163in dezvoltate ale Uniunii \u015fi competitivitatea \u00eentreprinderilor.<\/p><h5><strong>6. Banca Central\u0103 European\u0103<\/strong><\/h5><p>Banca Central\u0103 European\u0103 (BCE), situat\u0103 la Frankfurt, are responsabilitatea de a gestiona moneda euro \u015fi politica monetar\u0103 a Uniunii (a se vedea capitolul 7, \u201cUniunea Economic\u0103 \u015fi Monetar\u0103 (UEM) \u015fi euro\u201d).<\/p><p>\u00a0<\/p><p><strong><em>Sursa: Reprezentan\u0163a Comisiei Europene \u00een Rom\u00e2nia \u015fi Site-ul oficial al Uniunii Europene<\/em><\/strong><\/p>\t\t\t\t\t\t\t\t<\/div>\n\t\t\t\t<\/div>\n\t\t\t\t\t<\/div>\n\t\t<\/div>\n\t\t\t\t<div class=\"elementor-column elementor-col-50 elementor-inner-column elementor-element elementor-element-3cf47f8\" data-id=\"3cf47f8\" data-element_type=\"column\" data-e-type=\"column\">\n\t\t\t<div class=\"elementor-widget-wrap elementor-element-populated\">\n\t\t\t\t\t\t<div class=\"elementor-element elementor-element-f77a562 elementor-widget elementor-widget-text-editor\" data-id=\"f77a562\" data-element_type=\"widget\" data-e-type=\"widget\" data-widget_type=\"text-editor.default\">\n\t\t\t\t<div class=\"elementor-widget-container\">\n\t\t\t\t\t\t\t\t\t<h5>3. Comisia European\u0103<\/h5><p>Comisia este al treilea element al triunghiului institu\u0163ional care administreaz\u0103 \u015fi conduce Uniunea European\u0103. Membrii acesteia sunt numi\u0163i pe o perioad\u0103 de cinci ani, de comun acord de c\u0103tre statele membre \u015fi aproba\u0163i de Parlamentul European. Comisia este responsabil\u0103 \u00een fa\u0163a Parlamentului, care \u00eei poate cere, printr-o mo\u0163iune de cenzur\u0103, s\u0103 demisioneze colectiv.<\/p><p>Din 2004, Comisia este format\u0103 din c\u00e2te un comisar din fiecare stat membru. Comisia se bucur\u0103 de o independen\u0163\u0103 considerabil\u0103 \u00een exercitarea atribu\u0163iilor. Ea reprezint\u0103 interesul comun \u015fi nu trebuie s\u0103 primeasc\u0103 instruc\u0163iuni de la niciun guvern na\u0163ional. \u201cGardian al tratatelor\u201d, Comisia vegheaz\u0103 la aplicarea regulamentelor \u015fi a directivelor adoptate de Consiliu \u015fi Parlament \u015fi poate recurge la calea contencioas\u0103 \u00een fa\u0163a Cur\u0163ii de Justi\u0163ie \u00een caz de neaplicare a dreptului comunitar. \u00cen calitate de institu\u0163ie executiv\u0103 al Uniunii, Comisia pune \u00een aplicare deciziile luate de Consiliu \u00een domenii ca politica agricol\u0103 comun\u0103. Ea dispune de o putere mare \u00een gestionarea politicilor comune, al caror buget \u00eei este \u00eencredin\u0163at: cercetare \u015fi tehnologie, ajutor pentru dezvoltare, dezvoltare regional\u0103 etc. Comisia este asistat\u0103 de o administra\u0163ie format\u0103 din 31 de directii generale (DG-uri) \u015fi servicii, care sunt repartizate \u00een principal la Bruxelles \u015fi Luxemburg.<br \/><a href=\"http:\/\/ec.europa.eu\/\" target=\"_blank\" rel=\"noopener\">http:\/\/ec.europa.eu\/<\/a><\/p>\t\t\t\t\t\t\t\t<\/div>\n\t\t\t\t<\/div>\n\t\t\t\t<div class=\"elementor-element elementor-element-67d6c98 elementor-widget elementor-widget-text-editor\" data-id=\"67d6c98\" data-element_type=\"widget\" data-e-type=\"widget\" data-widget_type=\"text-editor.default\">\n\t\t\t\t<div class=\"elementor-widget-container\">\n\t\t\t\t\t\t\t\t\t<h5>MODIFIC\u0102RI INTRODUSE PRIN TRATATUL DE LA LISABONA<\/h5><p>La 1 decembrie 2009, Tratatul de la Lisabona a intrat \u00een vigoare, \u00eencheind astfel mai mul\u0163i ani de negocieri pe tema aspectelor institu\u0163ionale.<\/p><p>Tratatul de la Lisabona modific\u0103 Tratatul privind Uniunea European\u0103 \u015fi Tratatele CE (f\u0103r\u0103 a le \u00eenlocui) \u015fi pune la dispozi\u0163ia Uniunii cadrul legal \u015fi instrumentele juridice necesare pentru a face fa\u0163\u0103 provoc\u0103rilor viitoare \u015fi pentru a r\u0103spunde a\u015ftept\u0103rilor cet\u0103\u0163enilor.<\/p><h6>1. O Europ\u0103 mai democratic\u0103 \u015fi mai transparent\u0103,<\/h6><p>\u00een care Parlamentul European \u015fi parlamentele na\u0163ionale se bucur\u0103 de un rol consolidat, \u00een care cet\u0103\u0163enii au mai multe \u015fanse de a fi asculta\u0163i \u015fi care define\u015fte mai clar ce este de f\u0103cut la nivel european \u015fi na\u0163ional \u015fi de c\u0103tre cine.<br \/>* Un rol consolidat pentru Parlamentul European: ales direct de c\u0103tre cet\u0103\u0163enii Uniunii Europene, acesta are noi atribu\u0163ii majore privind legisla\u0163ia, bugetul Uniunii Europene \u015fi acordurile interna\u0163ionale. Prin faptul c\u0103 se recurge mai des la procedura de codecizie \u00een cadrul elabor\u0103rii politicilor europene, Parlamentul European se afl\u0103 pe o pozi\u0163ie de egalitate cu Consiliul (care reprezint\u0103 statele membre) \u00een ceea ce prive\u015fte adoptarea celei mai mari p\u0103r\u0163i a legisla\u0163iei Uniunii Europene.<br \/>* O mai mare implicare a parlamentelor na\u0163ionale: parlamentele na\u0163ionale pot participa \u00eentr-o m\u0103sur\u0103 mai mare la activit\u0103\u0163ile Uniunii Europene, \u00een special datorit\u0103 unui nou mecanism care le permite s\u0103 se asigure c\u0103 aceasta intervine numai atunci c\u00e2nd se pot ob\u0163ine rezultate mai bune la nivel comunitar (principiul subsidiarit\u0103\u0163ii). Al\u0103turi de rolul consolidat al Parlamentului European, implicarea parlamentelor na\u0163ionale conduce la consolidarea caracterului democratic \u015fi la cre\u015fterea legitimit\u0103\u0163ii ac\u0163iunilor Uniunii.<br \/>* O voce mai puternic\u0103 pentru cet\u0103\u0163eni: datorit\u0103 ini\u0163iativei cet\u0103\u0163enilor, un milion de cet\u0103\u0163eni din diferite state membre pot cere Comisiei s\u0103 prezinte noi propuneri politice.<br \/>* Cine \u015fi ce face: rela\u0163ia dintre statele membre \u015fi Uniunea European\u0103 este mai clar\u0103, odat\u0103 cu repartizarea competen\u0163elor.<br \/>* Retragerea din Uniune: Tratatul de la Lisabona recunoa\u015fte explicit, pentru prima dat\u0103, posibilitatea ca un stat membru s\u0103 se retrag\u0103 din Uniune.<\/p><h6>2. O Europ\u0103 mai eficient\u0103,<\/h6><p>cu metode de lucru \u015fi reguli de vot simplificate, cu institu\u0163ii eficiente \u015fi moderne pentru o Uniune European\u0103 cu 27 de membri, capabil\u0103 s\u0103 ac\u0163ioneze mai bine \u00een domenii de prioritate major\u0103.<br \/>* Un proces decizional eficient: votul cu majoritate calificat\u0103 din Consiliu este extins la noi domenii politice, astfel \u00eenc\u00e2t procesul decizional s\u0103 se desf\u0103\u015foare mai rapid \u015fi mai eficient. \u00cencep\u00e2nd din 2014, calcularea majorit\u0103\u0163ii calificate se va baza pe sistemul dublei majorit\u0103\u0163i, a statelor membre \u015fi a popula\u0163iei, reflect\u00e2nd astfel dubla legitimitate a Uniunii. Dubla majoritate se ob\u0163ine atunci c\u00e2nd o decizie este luat\u0103 prin votul a 55% din statele membre, reprezent\u00e2nd cel pu\u0163in 65% din popula\u0163ia Uniunii.<br \/>* Un cadru institu\u0163ional mai stabil \u015fi mai eficient: Tratatul de la Lisabona creeaz\u0103 func\u0163ia de pre\u015fedinte al Consiliului European (ales pentru un mandat de doi ani \u015fi jum\u0103tate), introduce o leg\u0103tur\u0103 direct\u0103 \u00eentre alegerea pre\u015fedintelui Comisiei \u015fi rezultatele alegerilor europene, prevede noi dispozi\u0163ii referitoare la viitoarea structur\u0103 a Parlamentului European \u015fi include reguli clare privind cooperarea consolidat\u0103 \u015fi dispozi\u0163iile financiare.<br \/>* O via\u0163\u0103 mai bun\u0103 pentru europeni: Tratatul de la Lisabona amelioreaz\u0103 capacitatea UE de a ac\u0163iona \u00een diverse domenii de prioritate major\u0103 pentru Uniunea de azi \u015fi pentru cet\u0103\u0163enii s\u0103i \u2013 precum libertatea, securitatea \u015fi justi\u0163ia (combaterea terorismului sau lupta \u00eempotriva criminalit\u0103\u0163ii). \u00centr-o anumit\u0103 m\u0103sur\u0103, Tratatul se refer\u0103 \u015fi la alte domenii, printre care politica energetic\u0103, s\u0103n\u0103tatea public\u0103, schimb\u0103rile climatice, serviciile de interes general, cercetare, spa\u0163iu, coeziune teritorial\u0103, politic\u0103 comercial\u0103, ajutor umanitar, sport, turism \u015fi cooperare administrativ\u0103.<\/p><h6>3. O Europ\u0103 a drepturilor, valorilor, libert\u0103\u0163ii, solidarit\u0103\u0163ii \u015fi siguran\u0163ei,<\/h6><p>care promoveaz\u0103 valorile Uniunii, introduce Carta drepturilor fundamentale \u00een dreptul primar european, prevede noi mecanisme de solidaritate \u015fi asigur\u0103 o mai bun\u0103 protec\u0163ie a cet\u0103\u0163enilor europeni.<br \/>* Valori democratice: Tratatul de la Lisabona specific\u0103 \u015fi consolideaz\u0103 valorile \u015fi obiectivele care stau la baza Uniunii. Aceste valori sunt menite s\u0103 serveasc\u0103 drept punct de referin\u0163\u0103 pentru cet\u0103\u0163enii europeni \u015fi s\u0103 arate ce anume are de oferit Europa partenerilor s\u0103i din \u00eentreaga lume.<br \/>* Drepturile cet\u0103\u0163enilor \u015fi Carta drepturilor fundamentale: Tratatul de la Lisabona men\u0163ine drepturile existente \u015fi introduce altele noi. \u00cen mod special, garanteaz\u0103 libert\u0103\u0163ile \u015fi principiile \u00eenscrise \u00een Carta drepturilor fundamentale \u015fi confer\u0103 dispozi\u0163iilor acesteia for\u0163\u0103 juridic\u0103 obligatorie. Se refer\u0103 la drepturi civile, politice, economice \u015fi sociale.<br \/>* Libertate pentru cet\u0103\u0163enii europeni: Tratatul de la Lisabona men\u0163ine \u015fi consolideaz\u0103 cele \u201epatru libert\u0103\u0163i\u201d, precum \u015fi libertatea politic\u0103, economic\u0103 \u015fi social\u0103 a cet\u0103\u0163enilor europeni.<br \/>* Solidaritate \u00eentre statele membre: Tratatul de la Lisabona prevede faptul c\u0103 Uniunea \u015fi statele membre ac\u0163ioneaz\u0103 \u00eempreun\u0103 \u00een spirit de solidaritate \u00een cazul \u00een care un stat membru este \u0163inta unui atac terorist sau victima unei catastrofe naturale sau provocate de om. De asemenea, se subliniaz\u0103 solidaritatea \u00een domeniul energiei.<br \/>* Mai mult\u0103 siguran\u0163\u0103 pentru to\u0163i: Uniunea beneficiaz\u0103 de o capacitate extins\u0103 de ac\u0163iune \u00een materie de libertate, securitate \u015fi justi\u0163ie, ceea ce aduce avantaje directe \u00een ceea ce prive\u015fte capacitatea sa de a lupta \u00eempotriva criminalit\u0103\u0163ii \u015fi terorismului. Noile prevederi \u00een materie de protec\u0163ie civil\u0103, ajutor umanitar \u015fi s\u0103n\u0103tate public\u0103 au, de asemenea, obiectivul de a \u00eent\u0103ri capacitatea Uniunii de a r\u0103spunde la amenin\u0163\u0103rile la adresa securit\u0103\u0163ii cet\u0103\u0163enilor europeni.<\/p><h6>4. Europa ca actor pe scena interna\u0163ional\u0103:<\/h6><p>\u2013 instrumentele de politic\u0103 extern\u0103 de care dispune Europa sunt regrupate at\u00e2t \u00een ceea ce prive\u015fte elaborarea, c\u00e2t \u015fi adoptarea noilor politici. Tratatul de la Lisabona ofer\u0103 Europei o voce mai clar\u0103 \u00een rela\u0163iile cu partenerii s\u0103i din \u00eentreaga lume. De asemenea, utilizeaz\u0103 for\u0163a dob\u00e2ndit\u0103 de Europa \u00een domeniul economic, umanitar, politic \u015fi diplomatic pentru a promova interesele \u015fi valorile europene pe plan mondial, respect\u00e2nd, \u00een acela\u015fi timp, interesele specifice ale statelor membre \u00een domeniul afacerilor externe.<br \/>* Numirea unui \u00cenalt Reprezentant al Uniunii pentru afaceri externe \u015fi politica de securitate, care este \u015fi unul din vicepre\u015fedin\u0163ii Comisiei, va cre\u015fte impactul, coeren\u0163a \u015fi vizibilitatea ac\u0163iunii externe a UE.<br \/>* Noul Serviciu european pentru ac\u0163iune extern\u0103 va oferi \u00cenaltului Reprezentant sprijinul necesar.<br \/>* Uniunea are o personalitate juridic\u0103 unic\u0103, ceea ce \u00eei \u00eent\u0103re\u015fte puterea de negociere, determin\u00e2nd-o s\u0103 fie mai eficient\u0103 pe plan mondial \u015fi un partener mai vizibil pentru \u0163\u0103rile ter\u0163e \u015fi organiza\u0163iile interna\u0163ionale.<br \/>* Evolu\u0163ia politicii europene de securitate \u015fi ap\u0103rare se va realiza p\u0103str\u00e2nd unele modalit\u0103\u0163i decizionale specifice, facilit\u00e2ndu-se totodat\u0103 o cooperare consolidat\u0103 \u00een cadrul unui grup mai mic de state membre.<br \/><a href=\"http:\/\/europa.eu\/lisbon_treaty\/index_ro.htm\" target=\"_blank\" rel=\"noopener\">http:\/\/europa.eu\/lisbon_treaty\/index_ro.htm<\/a><\/p>\t\t\t\t\t\t\t\t<\/div>\n\t\t\t\t<\/div>\n\t\t\t\t\t<\/div>\n\t\t<\/div>\n\t\t\t\t\t<\/div>\n\t\t<\/section>\n\t\t\t\t\t<\/div>\n\t\t<\/div>\n\t\t\t\t\t<\/div>\n\t\t<\/section>\n\t\t\t\t<\/div>\n\t\t","protected":false},"excerpt":{"rendered":"<p>Institu\u0163ii UE Uniunea European\u0103 este o construc\u0163ie nou\u0103 care nu intr\u0103 \u00eentr-o categorie juridic\u0103 tradi\u0163ional\u0103. Se fondeaz\u0103 pe un sistem politic original, \u00een continu\u0103 evolu\u0163ie de peste cincizeci de ani. Legisla\u0163ia, precum \u015fi politicile Uniunii \u00een general, sunt rezultatul deciziilor luate de triunghiul institu\u0163ional format din Consiliu (care reprezint\u0103 guvernele na\u0163ionale), Parlamentul European (care reprezint\u0103 [&hellip;]<\/p>\n","protected":false},"author":1,"featured_media":0,"parent":132,"menu_order":2,"comment_status":"open","ping_status":"closed","template":"elementor_header_footer","meta":{"footnotes":""},"class_list":["post-1657","page","type-page","status-publish","hentry"],"_links":{"self":[{"href":"https:\/\/europedirectmaramures.cdimm.org\/index.php?rest_route=\/wp\/v2\/pages\/1657","targetHints":{"allow":["GET"]}}],"collection":[{"href":"https:\/\/europedirectmaramures.cdimm.org\/index.php?rest_route=\/wp\/v2\/pages"}],"about":[{"href":"https:\/\/europedirectmaramures.cdimm.org\/index.php?rest_route=\/wp\/v2\/types\/page"}],"author":[{"embeddable":true,"href":"https:\/\/europedirectmaramures.cdimm.org\/index.php?rest_route=\/wp\/v2\/users\/1"}],"replies":[{"embeddable":true,"href":"https:\/\/europedirectmaramures.cdimm.org\/index.php?rest_route=%2Fwp%2Fv2%2Fcomments&post=1657"}],"version-history":[{"count":23,"href":"https:\/\/europedirectmaramures.cdimm.org\/index.php?rest_route=\/wp\/v2\/pages\/1657\/revisions"}],"predecessor-version":[{"id":3819,"href":"https:\/\/europedirectmaramures.cdimm.org\/index.php?rest_route=\/wp\/v2\/pages\/1657\/revisions\/3819"}],"up":[{"embeddable":true,"href":"https:\/\/europedirectmaramures.cdimm.org\/index.php?rest_route=\/wp\/v2\/pages\/132"}],"wp:attachment":[{"href":"https:\/\/europedirectmaramures.cdimm.org\/index.php?rest_route=%2Fwp%2Fv2%2Fmedia&parent=1657"}],"curies":[{"name":"wp","href":"https:\/\/api.w.org\/{rel}","templated":true}]}}