{"id":1555,"date":"2021-04-27T07:54:52","date_gmt":"2021-04-27T05:54:52","guid":{"rendered":"https:\/\/europedirectmaramures.cdimm.org\/?page_id=1555"},"modified":"2024-12-27T10:30:27","modified_gmt":"2024-12-27T08:30:27","slug":"opinii-de-la-cetateni","status":"publish","type":"page","link":"https:\/\/europedirectmaramures.cdimm.org\/?page_id=1555","title":{"rendered":"Opinii de la cet\u0103\u021beni"},"content":{"rendered":"\t\t<div data-elementor-type=\"wp-page\" data-elementor-id=\"1555\" class=\"elementor elementor-1555\" data-elementor-post-type=\"page\">\n\t\t\t\t\t\t<section class=\"elementor-section elementor-top-section elementor-element elementor-element-37ec5493 elementor-section-boxed elementor-section-height-default elementor-section-height-default\" data-id=\"37ec5493\" data-element_type=\"section\" data-e-type=\"section\">\n\t\t\t\t\t\t<div class=\"elementor-container elementor-column-gap-default\">\n\t\t\t\t\t<div class=\"elementor-column elementor-col-66 elementor-top-column elementor-element elementor-element-79cf7bb8\" data-id=\"79cf7bb8\" data-element_type=\"column\" data-e-type=\"column\">\n\t\t\t<div class=\"elementor-widget-wrap elementor-element-populated\">\n\t\t\t\t\t\t<div class=\"elementor-element elementor-element-3d952995 elementor-widget elementor-widget-text-editor\" data-id=\"3d952995\" data-element_type=\"widget\" data-e-type=\"widget\" data-widget_type=\"text-editor.default\">\n\t\t\t\t<div class=\"elementor-widget-container\">\n\t\t\t\t\t\t\t\t\t<h3><strong>Consultare public\u0103 2024<\/strong><\/h3><p>Consultare public\u0103 \u201dP\u0103rerea ta despre Uniunea European\u0103 conteaz\u0103\u201d: consultare public\u0103 privind percep\u021bia cet\u0103\u021benilor referitoare la politicile \u0219i proiectele Uniunii Europene. Activitate realizat\u0103 pe baza de chestionare online.<\/p><p>Raportul activit\u0103\u021bii de consultare poate fi consultat \u00een sec\u021biunea al\u0103turat\u0103.<\/p>\t\t\t\t\t\t\t\t<\/div>\n\t\t\t\t<\/div>\n\t\t\t\t\t<\/div>\n\t\t<\/div>\n\t\t\t\t<div class=\"elementor-column elementor-col-33 elementor-top-column elementor-element elementor-element-7c45f97c\" data-id=\"7c45f97c\" data-element_type=\"column\" data-e-type=\"column\">\n\t\t\t<div class=\"elementor-widget-wrap elementor-element-populated\">\n\t\t\t\t\t\t<div class=\"elementor-element elementor-element-13dd4ff elementor-widget elementor-widget-text-editor\" data-id=\"13dd4ff\" data-element_type=\"widget\" data-e-type=\"widget\" data-widget_type=\"text-editor.default\">\n\t\t\t\t<div class=\"elementor-widget-container\">\n\t\t\t\t\t\t\t\t\t<iframe src=\"https:\/\/www.slideshare.net\/slideshow\/embed_code\/key\/BuAKPFjW5b8TN9?hostedIn=slideshare&#038;page=upload\" width=\"476\" height=\"400\" frameborder=\"0\" marginwidth=\"0\" marginheight=\"0\" scrolling=\"no\"><\/iframe>\t\t\t\t\t\t\t\t<\/div>\n\t\t\t\t<\/div>\n\t\t\t\t\t<\/div>\n\t\t<\/div>\n\t\t\t\t\t<\/div>\n\t\t<\/section>\n\t\t\t\t<section class=\"elementor-section elementor-top-section elementor-element elementor-element-1fa39aa0 elementor-section-boxed elementor-section-height-default elementor-section-height-default\" data-id=\"1fa39aa0\" data-element_type=\"section\" data-e-type=\"section\">\n\t\t\t\t\t\t<div class=\"elementor-container elementor-column-gap-default\">\n\t\t\t\t\t<div class=\"elementor-column elementor-col-66 elementor-top-column elementor-element elementor-element-3e579597\" data-id=\"3e579597\" data-element_type=\"column\" data-e-type=\"column\">\n\t\t\t<div class=\"elementor-widget-wrap elementor-element-populated\">\n\t\t\t\t\t\t<div class=\"elementor-element elementor-element-96ca34d elementor-widget elementor-widget-text-editor\" data-id=\"96ca34d\" data-element_type=\"widget\" data-e-type=\"widget\" data-widget_type=\"text-editor.default\">\n\t\t\t\t<div class=\"elementor-widget-container\">\n\t\t\t\t\t\t\t\t\t<h3><strong>Consultare public\u0103 2023<\/strong><\/h3><p><strong>Consultare public\u0103 \u201dP\u0103rerea ta despre Uniunea European\u0103 conteaz\u0103\u201d<\/strong>: consultare public\u0103 privind percep\u021bia cet\u0103\u021benilor referitoare la politicile \u0219i proiectele Uniunii Europene. Activitate realizat\u0103 pe baza de chestionare online.<\/p><p>Raportul activit\u0103\u021bii de consultare poate fi consultat \u00een sec\u021biunea al\u0103turat\u0103.<\/p>\t\t\t\t\t\t\t\t<\/div>\n\t\t\t\t<\/div>\n\t\t\t\t\t<\/div>\n\t\t<\/div>\n\t\t\t\t<div class=\"elementor-column elementor-col-33 elementor-top-column elementor-element elementor-element-7ceda9a5\" data-id=\"7ceda9a5\" data-element_type=\"column\" data-e-type=\"column\">\n\t\t\t<div class=\"elementor-widget-wrap elementor-element-populated\">\n\t\t\t\t\t\t<div class=\"elementor-element elementor-element-7663686 elementor-widget elementor-widget-text-editor\" data-id=\"7663686\" data-element_type=\"widget\" data-e-type=\"widget\" data-widget_type=\"text-editor.default\">\n\t\t\t\t<div class=\"elementor-widget-container\">\n\t\t\t\t\t\t\t\t\t<iframe src=\"https:\/\/www.slideshare.net\/slideshow\/embed_code\/key\/6gAsx2HHQuQi9d?hostedIn=slideshare&#038;page=upload\" width=\"476\" height=\"400\" frameborder=\"0\" marginwidth=\"0\" marginheight=\"0\" scrolling=\"no\"><\/iframe>\t\t\t\t\t\t\t\t<\/div>\n\t\t\t\t<\/div>\n\t\t\t\t\t<\/div>\n\t\t<\/div>\n\t\t\t\t\t<\/div>\n\t\t<\/section>\n\t\t\t\t<section class=\"elementor-section elementor-top-section elementor-element elementor-element-5430120b elementor-section-boxed elementor-section-height-default elementor-section-height-default\" data-id=\"5430120b\" data-element_type=\"section\" data-e-type=\"section\">\n\t\t\t\t\t\t<div class=\"elementor-container elementor-column-gap-default\">\n\t\t\t\t\t<div class=\"elementor-column elementor-col-66 elementor-top-column elementor-element elementor-element-2fadfe8\" data-id=\"2fadfe8\" data-element_type=\"column\" data-e-type=\"column\">\n\t\t\t<div class=\"elementor-widget-wrap elementor-element-populated\">\n\t\t\t\t\t\t<div class=\"elementor-element elementor-element-4b2ebf26 elementor-widget elementor-widget-text-editor\" data-id=\"4b2ebf26\" data-element_type=\"widget\" data-e-type=\"widget\" data-widget_type=\"text-editor.default\">\n\t\t\t\t<div class=\"elementor-widget-container\">\n\t\t\t\t\t\t\t\t\t<h3><strong>Consultare public\u0103 2022<\/strong><\/h3><p><strong>Consultare public\u0103 \u201dP\u0103rerea ta despre Uniunea European\u0103 conteaz\u0103\u201d<\/strong>: consultare public\u0103 privind percep\u021bia cet\u0103\u021benilor referitoare la politicile \u0219i proiectele Uniunii Europene. Activitate realizat\u0103 pe baza de chestionare online.<\/p><p>Raportul activit\u0103\u021bii de consultare poate fi consultat \u00een sec\u021biunea al\u0103turat\u0103.<\/p>\t\t\t\t\t\t\t\t<\/div>\n\t\t\t\t<\/div>\n\t\t\t\t\t<\/div>\n\t\t<\/div>\n\t\t\t\t<div class=\"elementor-column elementor-col-33 elementor-top-column elementor-element elementor-element-55b72a32\" data-id=\"55b72a32\" data-element_type=\"column\" data-e-type=\"column\">\n\t\t\t<div class=\"elementor-widget-wrap elementor-element-populated\">\n\t\t\t\t\t\t<div class=\"elementor-element elementor-element-810887b elementor-widget elementor-widget-text-editor\" data-id=\"810887b\" data-element_type=\"widget\" data-e-type=\"widget\" data-widget_type=\"text-editor.default\">\n\t\t\t\t<div class=\"elementor-widget-container\">\n\t\t\t\t\t\t\t\t\t<iframe src=\"https:\/\/www.slideshare.net\/slideshow\/embed_code\/key\/yyGiS0tVsncxPy?hostedIn=slideshare&#038;page=upload\" width=\"476\" height=\"400\" frameborder=\"0\" marginwidth=\"0\" marginheight=\"0\" scrolling=\"no\"><\/iframe>\t\t\t\t\t\t\t\t<\/div>\n\t\t\t\t<\/div>\n\t\t\t\t\t<\/div>\n\t\t<\/div>\n\t\t\t\t\t<\/div>\n\t\t<\/section>\n\t\t\t\t<section class=\"elementor-section elementor-top-section elementor-element elementor-element-36e91d74 elementor-section-boxed elementor-section-height-default elementor-section-height-default\" data-id=\"36e91d74\" data-element_type=\"section\" data-e-type=\"section\">\n\t\t\t\t\t\t<div class=\"elementor-container elementor-column-gap-default\">\n\t\t\t\t\t<div class=\"elementor-column elementor-col-66 elementor-top-column elementor-element elementor-element-2977db68\" data-id=\"2977db68\" data-element_type=\"column\" data-e-type=\"column\">\n\t\t\t<div class=\"elementor-widget-wrap elementor-element-populated\">\n\t\t\t\t\t\t<div class=\"elementor-element elementor-element-50693fa4 elementor-widget elementor-widget-text-editor\" data-id=\"50693fa4\" data-element_type=\"widget\" data-e-type=\"widget\" data-widget_type=\"text-editor.default\">\n\t\t\t\t<div class=\"elementor-widget-container\">\n\t\t\t\t\t\t\t\t\t<h3><strong>Consultare public\u0103 2021<\/strong><\/h3><p><strong> \u201dP\u0103rerea ta despre Uniunea European\u0103 conteaz\u0103\u201d<\/strong>: consultare public\u0103 privind percep\u021bia cet\u0103\u021benilor referitoare la politicile \u0219i proiectele Uniunii Europene. Activitate realizat\u0103 pe baza de chestionare online.\u00a0<\/p><p>Al\u0103turat pute\u021bi consulta rezultatele consult\u0103rii publice.<\/p>\t\t\t\t\t\t\t\t<\/div>\n\t\t\t\t<\/div>\n\t\t\t\t\t<\/div>\n\t\t<\/div>\n\t\t\t\t<div class=\"elementor-column elementor-col-33 elementor-top-column elementor-element elementor-element-44a113c2\" data-id=\"44a113c2\" data-element_type=\"column\" data-e-type=\"column\">\n\t\t\t<div class=\"elementor-widget-wrap elementor-element-populated\">\n\t\t\t\t\t\t<div class=\"elementor-element elementor-element-22a33e5 elementor-widget elementor-widget-text-editor\" data-id=\"22a33e5\" data-element_type=\"widget\" data-e-type=\"widget\" data-widget_type=\"text-editor.default\">\n\t\t\t\t<div class=\"elementor-widget-container\">\n\t\t\t\t\t\t\t\t\t<iframe src=\"https:\/\/www.slideshare.net\/slideshow\/embed_code\/key\/5kxBwTWqYNuhk0?hostedIn=slideshare&#038;page=upload\" width=\"476\" height=\"400\" frameborder=\"0\" marginwidth=\"0\" marginheight=\"0\" scrolling=\"no\"><\/iframe>\t\t\t\t\t\t\t\t<\/div>\n\t\t\t\t<\/div>\n\t\t\t\t\t<\/div>\n\t\t<\/div>\n\t\t\t\t\t<\/div>\n\t\t<\/section>\n\t\t\t\t<\/div>\n\t\t","protected":false},"excerpt":{"rendered":"<p>Consultare public\u0103 2024 Consultare public\u0103 \u201dP\u0103rerea ta despre Uniunea European\u0103 conteaz\u0103\u201d: consultare public\u0103 privind percep\u021bia cet\u0103\u021benilor referitoare la politicile \u0219i proiectele Uniunii Europene. Activitate realizat\u0103 pe baza de chestionare online. Raportul activit\u0103\u021bii de consultare poate fi consultat \u00een sec\u021biunea al\u0103turat\u0103. Consultare public\u0103 2023 Consultare public\u0103 \u201dP\u0103rerea ta despre Uniunea European\u0103 conteaz\u0103\u201d: consultare public\u0103 privind percep\u021bia [&hellip;]<\/p>\n","protected":false},"author":1,"featured_media":0,"parent":117,"menu_order":3,"comment_status":"open","ping_status":"closed","template":"elementor_header_footer","meta":{"footnotes":""},"class_list":["post-1555","page","type-page","status-publish","hentry"],"_links":{"self":[{"href":"https:\/\/europedirectmaramures.cdimm.org\/index.php?rest_route=\/wp\/v2\/pages\/1555","targetHints":{"allow":["GET"]}}],"collection":[{"href":"https:\/\/europedirectmaramures.cdimm.org\/index.php?rest_route=\/wp\/v2\/pages"}],"about":[{"href":"https:\/\/europedirectmaramures.cdimm.org\/index.php?rest_route=\/wp\/v2\/types\/page"}],"author":[{"embeddable":true,"href":"https:\/\/europedirectmaramures.cdimm.org\/index.php?rest_route=\/wp\/v2\/users\/1"}],"replies":[{"embeddable":true,"href":"https:\/\/europedirectmaramures.cdimm.org\/index.php?rest_route=%2Fwp%2Fv2%2Fcomments&post=1555"}],"version-history":[{"count":14,"href":"https:\/\/europedirectmaramures.cdimm.org\/index.php?rest_route=\/wp\/v2\/pages\/1555\/revisions"}],"predecessor-version":[{"id":9681,"href":"https:\/\/europedirectmaramures.cdimm.org\/index.php?rest_route=\/wp\/v2\/pages\/1555\/revisions\/9681"}],"up":[{"embeddable":true,"href":"https:\/\/europedirectmaramures.cdimm.org\/index.php?rest_route=\/wp\/v2\/pages\/117"}],"wp:attachment":[{"href":"https:\/\/europedirectmaramures.cdimm.org\/index.php?rest_route=%2Fwp%2Fv2%2Fmedia&parent=1555"}],"curies":[{"name":"wp","href":"https:\/\/api.w.org\/{rel}","templated":true}]}}